{"id":3145,"date":"2025-03-25T16:40:23","date_gmt":"2025-03-25T14:40:23","guid":{"rendered":"https:\/\/photozen.org\/?page_id=3145"},"modified":"2025-03-25T17:00:57","modified_gmt":"2025-03-25T15:00:57","slug":"recommandations","status":"publish","type":"page","link":"https:\/\/photozen.org\/?page_id=3145","title":{"rendered":"Recommandations"},"content":{"rendered":"<div class=\"widget widget_em_widget\"><h2 class=\"widgettitle\">Prochains \u00e9v\u00e8nements<\/h2><div class=\"em pixelbones em-list-widget em-events-widget\"><div class=\"em-list-no-items\">Aucun \u00e9v\u00e8nement<\/div><\/div><\/div>\n\n\n<h2>Lectures :<\/h2>\n\n\n\n<figure class=\"wp-block-image size-full is-resized\"><a href=\"https:\/\/photozen.org\/wp-content\/uploads\/2025\/03\/9782413085850-001-X.jpeg\"><img loading=\"lazy\" decoding=\"async\" width=\"265\" height=\"352\" src=\"https:\/\/photozen.org\/wp-content\/uploads\/2025\/03\/9782413085850-001-X.jpeg\" alt=\"\" class=\"wp-image-3157\" style=\"width:285px;height:auto\" srcset=\"https:\/\/photozen.org\/wp-content\/uploads\/2025\/03\/9782413085850-001-X.jpeg 265w, https:\/\/photozen.org\/wp-content\/uploads\/2025\/03\/9782413085850-001-X-226x300.jpeg 226w\" sizes=\"auto, (max-width: 265px) 100vw, 265px\" \/><\/a><figcaption class=\"wp-element-caption\">Bien avant Edison et les fr\u00e8res Lumi\u00e8re, Muybridge est le<br>premier homme \u00e0 dompter le mouvement et \u00e0 projeter un film. Guy Delisle<br>tire le portrait d&rsquo;un pionnier de la photo et du cin\u00e9ma, injustement oubli\u00e9 par<br>l&rsquo;histoire.<br>\u00ab\u00a01855, Eadweard Muybridge, un jeune anglais qui ne s&rsquo;int\u00e9resse pas<br>particuli\u00e8rement aux chevaux \u00e9migre en Californie. Passionn\u00e9 par un<br>proc\u00e9d\u00e9 technique qui en est \u00e0 ses d\u00e9buts, la photographie, il va<br>rapidement devenir un des plus c\u00e9l\u00e8bres photographes de son \u00e9poque. Aid\u00e9 par l&rsquo;homme le plus riche des Etats-Unis, il va r\u00e9aliser un exploit in\u00e9dit : fixer sur pellicule la course d&rsquo;un cheval au galop.\u00a0\u00bb<br>Ce livre qui raconte un pan de l&rsquo;histoire photographique int\u00e9ressera les photographes animaliers, les f\u00e9rus de technique, vos enfants et petits enfants et celui qui est en vous.<br>Par moment cocasse, terrible, en tous les cas instructif et parfaitement document\u00e9, offrez ou faites vous offrir cet ouvrage .<\/figcaption><\/figure>\n\n\n","protected":false},"excerpt":{"rendered":"<p>Lectures :<\/p>\n","protected":false},"author":1,"featured_media":0,"parent":0,"menu_order":0,"comment_status":"closed","ping_status":"closed","template":"","meta":{"ngg_post_thumbnail":0,"two_page_speed":[],"footnotes":""},"class_list":["post-3145","page","type-page","status-publish","hentry"],"aioseo_notices":[],"_links":{"self":[{"href":"https:\/\/photozen.org\/index.php?rest_route=\/wp\/v2\/pages\/3145","targetHints":{"allow":["GET"]}}],"collection":[{"href":"https:\/\/photozen.org\/index.php?rest_route=\/wp\/v2\/pages"}],"about":[{"href":"https:\/\/photozen.org\/index.php?rest_route=\/wp\/v2\/types\/page"}],"author":[{"embeddable":true,"href":"https:\/\/photozen.org\/index.php?rest_route=\/wp\/v2\/users\/1"}],"replies":[{"embeddable":true,"href":"https:\/\/photozen.org\/index.php?rest_route=%2Fwp%2Fv2%2Fcomments&post=3145"}],"version-history":[{"count":3,"href":"https:\/\/photozen.org\/index.php?rest_route=\/wp\/v2\/pages\/3145\/revisions"}],"predecessor-version":[{"id":3158,"href":"https:\/\/photozen.org\/index.php?rest_route=\/wp\/v2\/pages\/3145\/revisions\/3158"}],"wp:attachment":[{"href":"https:\/\/photozen.org\/index.php?rest_route=%2Fwp%2Fv2%2Fmedia&parent=3145"}],"curies":[{"name":"wp","href":"https:\/\/api.w.org\/{rel}","templated":true}]}}