{"id":4,"date":"2012-06-08T20:31:00","date_gmt":"2012-06-08T20:31:00","guid":{"rendered":"http:\/\/photozen.org\/?page_id=4"},"modified":"2015-01-09T23:55:40","modified_gmt":"2015-01-09T21:55:40","slug":"accueil","status":"publish","type":"page","link":"https:\/\/photozen.org\/?page_id=4","title":{"rendered":"Livre d&rsquo;OR"},"content":{"rendered":"<p><a href=\"https:\/\/photozen.org\/wp-content\/uploads\/2012\/06\/je-suis-charlie-translations.jpg\"><img loading=\"lazy\" decoding=\"async\" class=\" size-full wp-image-660 alignleft\" src=\"https:\/\/photozen.org\/wp-content\/uploads\/2012\/06\/je-suis-charlie-translations.jpg\" alt=\"je-suis-charlie-translations\" width=\"400\" height=\"240\" srcset=\"https:\/\/photozen.org\/wp-content\/uploads\/2012\/06\/je-suis-charlie-translations.jpg 400w, https:\/\/photozen.org\/wp-content\/uploads\/2012\/06\/je-suis-charlie-translations-300x180.jpg 300w\" sizes=\"auto, (max-width: 400px) 100vw, 400px\" \/><\/a><\/p>\n<h6><strong>Bonjour ! Hello ! ch\u00e0o h\u1ecfi ! \u0e2a\u0e27\u0e31\u0e2a\u0e14\u0e35 ! <\/strong>Bienvenue sur PHOTOZEN.org !<\/h6>\n<h6><em>N\u2019h\u00e9sit<\/em><em>ez pas \u00e0 y laisser vos remarques, recommandations et souhaits : avec votre aide pr\u00e9cieuse, son am\u00e9lioration en sera plus rapide.<\/em><\/h6>\n<p><em>A bient\u00f4t<\/em><\/p>\n","protected":false},"excerpt":{"rendered":"<p>Bonjour ! Hello ! ch\u00e0o h\u1ecfi ! \u0e2a\u0e27\u0e31\u0e2a\u0e14\u0e35 ! Bienvenue sur PHOTOZEN.org ! N\u2019h\u00e9sitez pas \u00e0 y laisser vos remarques, recommandations et souhaits : avec votre aide pr\u00e9cieuse, son am\u00e9lioration en sera plus rapide. A bient\u00f4t<\/p>\n","protected":false},"author":1,"featured_media":492,"parent":0,"menu_order":0,"comment_status":"open","ping_status":"open","template":"sidebar-page.php","meta":{"ngg_post_thumbnail":0,"two_page_speed":[],"footnotes":""},"class_list":["post-4","page","type-page","status-publish","has-post-thumbnail","hentry"],"aioseo_notices":[],"_links":{"self":[{"href":"https:\/\/photozen.org\/index.php?rest_route=\/wp\/v2\/pages\/4","targetHints":{"allow":["GET"]}}],"collection":[{"href":"https:\/\/photozen.org\/index.php?rest_route=\/wp\/v2\/pages"}],"about":[{"href":"https:\/\/photozen.org\/index.php?rest_route=\/wp\/v2\/types\/page"}],"author":[{"embeddable":true,"href":"https:\/\/photozen.org\/index.php?rest_route=\/wp\/v2\/users\/1"}],"replies":[{"embeddable":true,"href":"https:\/\/photozen.org\/index.php?rest_route=%2Fwp%2Fv2%2Fcomments&post=4"}],"version-history":[{"count":16,"href":"https:\/\/photozen.org\/index.php?rest_route=\/wp\/v2\/pages\/4\/revisions"}],"predecessor-version":[{"id":661,"href":"https:\/\/photozen.org\/index.php?rest_route=\/wp\/v2\/pages\/4\/revisions\/661"}],"wp:featuredmedia":[{"embeddable":true,"href":"https:\/\/photozen.org\/index.php?rest_route=\/wp\/v2\/media\/492"}],"wp:attachment":[{"href":"https:\/\/photozen.org\/index.php?rest_route=%2Fwp%2Fv2%2Fmedia&parent=4"}],"curies":[{"name":"wp","href":"https:\/\/api.w.org\/{rel}","templated":true}]}}